{"id":1137,"date":"2021-01-03T17:31:52","date_gmt":"2021-01-03T16:31:52","guid":{"rendered":"https:\/\/bodegasgracia.com\/tauromaquia\/"},"modified":"2021-12-20T10:57:17","modified_gmt":"2021-12-20T10:57:17","slug":"tauromaquia","status":"publish","type":"page","link":"https:\/\/bodegasgracia.com\/fr\/tauromaquia\/","title":{"rendered":"Tauromaquia"},"content":{"rendered":"<p><div class=\"fusion-fullwidth fullwidth-box fusion-builder-row-1 fusion-flex-container fusion-parallax-none nonhundred-percent-fullwidth non-hundred-percent-height-scrolling\" style=\"--awb-border-radius-top-left:0px;--awb-border-radius-top-right:0px;--awb-border-radius-bottom-right:0px;--awb-border-radius-bottom-left:0px;--awb-background-image:url(&quot;http:\/\/bodegasgracia.com\/wp-content\/uploads\/2020\/12\/tauromaquia-fondo-gracia-hermanos.jpg&quot;);--awb-background-size:cover;\" ><div class=\"fusion-builder-row fusion-row fusion-flex-align-items-center fusion-flex-justify-content-center\" style=\"max-width:1248px;margin-left: calc(-4% \/ 2 );margin-right: calc(-4% \/ 2 );\"><div class=\"fusion-layout-column fusion_builder_column fusion-builder-column-0 fusion-flex-column fusion-flex-align-self-center\" style=\"--awb-bg-position:center center;--awb-bg-size:cover;--awb-width-large:70%;--awb-margin-top-large:100px;--awb-spacing-right-large:2.7428571428571%;--awb-margin-bottom-large:40px;--awb-spacing-left-large:2.7428571428571%;--awb-width-medium:70%;--awb-order-medium:0;--awb-spacing-right-medium:2.7428571428571%;--awb-spacing-left-medium:2.7428571428571%;--awb-width-small:100%;--awb-order-small:0;--awb-spacing-right-small:1.92%;--awb-spacing-left-small:1.92%;\"><div class=\"fusion-column-wrapper fusion-column-has-shadow fusion-flex-justify-content-center fusion-content-layout-column\"><div class=\"fusion-image-element \" style=\"text-align:center;--awb-max-width:750px;--awb-caption-title-size:var(--h2_typography-font-size);--awb-caption-title-transform:var(--h2_typography-text-transform);--awb-caption-title-line-height:var(--h2_typography-line-height);--awb-caption-title-letter-spacing:var(--h2_typography-letter-spacing);\"><span class=\" fusion-imageframe imageframe-none imageframe-1 hover-type-none\"><img decoding=\"async\" width=\"1800\" height=\"500\" title=\"tauromaquia_h_amontillado_bodegasgracia\" src=\"http:\/\/bodegasgracia.com\/wp-content\/uploads\/2021\/08\/tauromaquia_h_amontillado_bodegasgracia-1.png\" alt class=\"img-responsive wp-image-990\" srcset=\"https:\/\/bodegasgracia.com\/wp-content\/uploads\/2021\/08\/tauromaquia_h_amontillado_bodegasgracia-1-200x56.png 200w, https:\/\/bodegasgracia.com\/wp-content\/uploads\/2021\/08\/tauromaquia_h_amontillado_bodegasgracia-1-400x111.png 400w, https:\/\/bodegasgracia.com\/wp-content\/uploads\/2021\/08\/tauromaquia_h_amontillado_bodegasgracia-1-600x167.png 600w, https:\/\/bodegasgracia.com\/wp-content\/uploads\/2021\/08\/tauromaquia_h_amontillado_bodegasgracia-1-800x222.png 800w, https:\/\/bodegasgracia.com\/wp-content\/uploads\/2021\/08\/tauromaquia_h_amontillado_bodegasgracia-1-1200x333.png 1200w, https:\/\/bodegasgracia.com\/wp-content\/uploads\/2021\/08\/tauromaquia_h_amontillado_bodegasgracia-1.png 1800w\" sizes=\"(max-width: 640px) 100vw, 1200px\" \/><\/span><\/div><\/div><\/div><div class=\"fusion-layout-column fusion_builder_column fusion-builder-column-1 fusion-flex-column fusion-flex-align-self-center\" style=\"--awb-padding-top:15px;--awb-padding-right:15px;--awb-padding-bottom:15px;--awb-padding-left:15px;--awb-bg-color:#ffffff;--awb-bg-position:center center;--awb-bg-size:cover;--awb-width-large:60%;--awb-margin-top-large:20px;--awb-spacing-right-large:3.2%;--awb-margin-bottom-large:100px;--awb-spacing-left-large:3.2%;--awb-width-medium:60%;--awb-order-medium:0;--awb-spacing-right-medium:3.2%;--awb-spacing-left-medium:3.2%;--awb-width-small:100%;--awb-order-small:0;--awb-spacing-right-small:1.92%;--awb-spacing-left-small:1.92%;\"><div class=\"fusion-column-wrapper fusion-column-has-shadow fusion-flex-justify-content-center fusion-content-layout-column\"><div class=\"fusion-text fusion-text-1 etiquetaHeader\"><h1 style=\"text-align: center;\">Tauromaquia<\/h1>\n<div class=\"fusion-separator\" style=\"align-self: center;margin-left: auto;margin-right: auto;margin-top:-20px;margin-bottom:20px;width:100%;max-width:70%;\"><div class=\"fusion-separator-border sep-single\" style=\"--awb-height:20px;--awb-amount:20px;border-color:#2c453e;border-top-width:1px;\"><\/div><\/div>\n<p style=\"text-align: center;\">Racines, sens, plaisirs<\/p>\n<\/div><\/div><\/div><\/div><\/div><div class=\"fusion-fullwidth fullwidth-box fusion-builder-row-2 fusion-flex-container nonhundred-percent-fullwidth non-hundred-percent-height-scrolling\" style=\"--awb-border-radius-top-left:0px;--awb-border-radius-top-right:0px;--awb-border-radius-bottom-right:0px;--awb-border-radius-bottom-left:0px;\" ><div class=\"fusion-builder-row fusion-row fusion-flex-align-items-center fusion-flex-justify-content-center\" style=\"max-width:1248px;margin-left: calc(-4% \/ 2 );margin-right: calc(-4% \/ 2 );\"><div class=\"fusion-layout-column fusion_builder_column fusion-builder-column-2 fusion-flex-column fusion-flex-align-self-center\" style=\"--awb-bg-size:cover;--awb-width-large:80%;--awb-margin-top-large:0px;--awb-spacing-right-large:2.4%;--awb-margin-bottom-large:20px;--awb-spacing-left-large:2.4%;--awb-width-medium:80%;--awb-order-medium:0;--awb-spacing-right-medium:2.4%;--awb-spacing-left-medium:2.4%;--awb-width-small:90%;--awb-order-small:0;--awb-spacing-right-small:2.1333333333333%;--awb-spacing-left-small:2.1333333333333%;\"><div class=\"fusion-column-wrapper fusion-column-has-shadow fusion-flex-justify-content-center fusion-content-layout-column\"><div class=\"fusion-separator fusion-full-width-sep\" style=\"align-self: center;margin-left: auto;margin-right: auto;margin-top:50px;width:100%;\"><\/div><div class=\"fusion-text fusion-text-2\" style=\"--awb-content-alignment:center;\"><h2 style=\"text-align: center;\">Enracin\u00e9 dans de solides traditions viticoles et vinicoles, Tauromaquia exalte l&rsquo;esprit de Montilla-Moriles: fondement, profondeur et un talent unique pour c\u00e9l\u00e9brer la vie.<\/h2>\n<\/div><\/div><\/div><\/div><\/div><div class=\"fusion-fullwidth fullwidth-box fusion-builder-row-3 fusion-flex-container hundred-percent-fullwidth non-hundred-percent-height-scrolling\" style=\"--awb-border-radius-top-left:0px;--awb-border-radius-top-right:0px;--awb-border-radius-bottom-right:0px;--awb-border-radius-bottom-left:0px;--awb-padding-right:0px;--awb-padding-left:0px;\" ><div class=\"fusion-builder-row fusion-row fusion-flex-align-items-center fusion-flex-justify-content-center\" style=\"width:104% !important;max-width:104% !important;margin-left: calc(-4% \/ 2 );margin-right: calc(-4% \/ 2 );\"><div class=\"fusion-layout-column fusion_builder_column fusion-builder-column-3 fusion_builder_column_1_1 1_1 fusion-flex-column fusion-flex-align-self-center\" style=\"--awb-padding-right:0px;--awb-padding-left:0px;--awb-bg-size:cover;--awb-width-large:100%;--awb-margin-top-large:0px;--awb-spacing-right-large:0;--awb-margin-bottom-large:20px;--awb-spacing-left-large:0;--awb-width-medium:100%;--awb-order-medium:0;--awb-spacing-right-medium:0;--awb-spacing-left-medium:0;--awb-width-small:100%;--awb-order-small:0;--awb-spacing-right-small:1.92%;--awb-spacing-left-small:1.92%;\"><div class=\"fusion-column-wrapper fusion-column-has-shadow fusion-flex-justify-content-center fusion-content-layout-column\"><div class=\"fusion-image-element \" style=\"text-align:center;--awb-caption-title-size:var(--h2_typography-font-size);--awb-caption-title-transform:var(--h2_typography-text-transform);--awb-caption-title-line-height:var(--h2_typography-line-height);--awb-caption-title-letter-spacing:var(--h2_typography-letter-spacing);\"><span class=\" fusion-imageframe imageframe-none imageframe-2 hover-type-none\"><img decoding=\"async\" width=\"1920\" height=\"1050\" title=\"tauromaquia-foto-gracia-hermanos\" src=\"http:\/\/bodegasgracia.com\/wp-content\/uploads\/2020\/12\/tauromaquia-foto-gracia-hermanos.jpg\" alt class=\"img-responsive wp-image-52\" srcset=\"https:\/\/bodegasgracia.com\/wp-content\/uploads\/2020\/12\/tauromaquia-foto-gracia-hermanos-200x109.jpg 200w, https:\/\/bodegasgracia.com\/wp-content\/uploads\/2020\/12\/tauromaquia-foto-gracia-hermanos-400x219.jpg 400w, https:\/\/bodegasgracia.com\/wp-content\/uploads\/2020\/12\/tauromaquia-foto-gracia-hermanos-600x328.jpg 600w, https:\/\/bodegasgracia.com\/wp-content\/uploads\/2020\/12\/tauromaquia-foto-gracia-hermanos-800x438.jpg 800w, https:\/\/bodegasgracia.com\/wp-content\/uploads\/2020\/12\/tauromaquia-foto-gracia-hermanos-1200x656.jpg 1200w, https:\/\/bodegasgracia.com\/wp-content\/uploads\/2020\/12\/tauromaquia-foto-gracia-hermanos.jpg 1920w\" sizes=\"(max-width: 640px) 100vw, 1920px\" \/><\/span><\/div><\/div><\/div><\/div><\/div><div class=\"fusion-fullwidth fullwidth-box fusion-builder-row-4 fusion-flex-container hundred-percent-fullwidth non-hundred-percent-height-scrolling\" style=\"--awb-border-radius-top-left:0px;--awb-border-radius-top-right:0px;--awb-border-radius-bottom-right:0px;--awb-border-radius-bottom-left:0px;--awb-padding-right:0px;--awb-padding-left:0px;\" ><div class=\"fusion-builder-row fusion-row fusion-flex-align-items-center fusion-flex-justify-content-center\" style=\"width:104% !important;max-width:104% !important;margin-left: calc(-4% \/ 2 );margin-right: calc(-4% \/ 2 );\"><\/div><\/div><div class=\"fusion-fullwidth fullwidth-box fusion-builder-row-5 fusion-flex-container hundred-percent-fullwidth non-hundred-percent-height-scrolling\" style=\"--awb-border-radius-top-left:0px;--awb-border-radius-top-right:0px;--awb-border-radius-bottom-right:0px;--awb-border-radius-bottom-left:0px;--awb-padding-right:0px;--awb-padding-left:0px;--awb-margin-top:80px;\" ><div class=\"fusion-builder-row fusion-row fusion-flex-align-items-center fusion-flex-justify-content-center\" style=\"width:104% !important;max-width:104% !important;margin-left: calc(-4% \/ 2 );margin-right: calc(-4% \/ 2 );\"><div class=\"fusion-layout-column fusion_builder_column fusion-builder-column-4 fusion_builder_column_1_2 1_2 fusion-flex-column fusion-flex-align-self-center\" style=\"--awb-padding-right:0px;--awb-padding-left:0px;--awb-bg-size:cover;--awb-width-large:50%;--awb-margin-top-large:0px;--awb-spacing-right-large:0;--awb-margin-bottom-large:20px;--awb-spacing-left-large:0;--awb-width-medium:50%;--awb-order-medium:0;--awb-spacing-right-medium:0;--awb-spacing-left-medium:0;--awb-width-small:70%;--awb-order-small:0;--awb-spacing-right-small:0;--awb-spacing-left-small:0;\"><div class=\"fusion-column-wrapper fusion-column-has-shadow fusion-flex-justify-content-center fusion-content-layout-column\"><div class=\"fusion-text fusion-text-3\" style=\"--awb-content-alignment:center;\"><h3 style=\"text-align: center;\">Tauromaquia Amontillado Viej\u00edsimo<\/h3>\n<p style=\"text-align: center;\">Sommet subtil et parfait de l&rsquo;\u0153nologie du sud, harmonie du voile de fleur, de l&rsquo;air et du temps. Un myst\u00e8re et un joyau. Et \u00e0 la fin, un grand vin pour tous les moments, avec tous les repas, pour tous les palais.<\/p>\n<\/div><div class=\"fusion-separator fusion-full-width-sep\" style=\"align-self: center;margin-left: auto;margin-right: auto;margin-top:30px;width:100%;\"><\/div><div class=\"fusion-image-element \" style=\"text-align:center;--awb-caption-title-size:var(--h2_typography-font-size);--awb-caption-title-transform:var(--h2_typography-text-transform);--awb-caption-title-line-height:var(--h2_typography-line-height);--awb-caption-title-letter-spacing:var(--h2_typography-letter-spacing);\"><span class=\" fusion-imageframe imageframe-none imageframe-3 hover-type-none\"><img decoding=\"async\" width=\"1800\" height=\"1195\" title=\"TAUROMAQUIA Amontillado Viej\u00edsimo (botella 50 cl)\" src=\"http:\/\/bodegasgracia.com\/wp-content\/uploads\/2021\/07\/TAUROMAQUIA-Amontillado-Viejisimo-botella-50-cl-e1627403597960.png\" alt class=\"img-responsive wp-image-680\"\/><\/span><\/div><div class=\"fusion-separator fusion-full-width-sep\" style=\"align-self: center;margin-left: auto;margin-right: auto;margin-top:50px;width:100%;\"><\/div><div style=\"text-align:center;\"><a class=\"fusion-button button-flat fusion-button-default-size button-default fusion-button-default button-1 fusion-button-default-span fusion-button-default-type\" target=\"_blank\" rel=\"noopener noreferrer\" href=\"http:\/\/bodegasgracia.com\/wp-content\/uploads\/2021\/12\/FR-Fiche-Tecnique-Tauromaqui-Amontillado.pdf\"><span class=\"fusion-button-text\">VOIR FICHE TECHNIQUE<\/span><\/a><\/div><\/div><\/div><\/div><\/div><div class=\"fusion-fullwidth fullwidth-box fusion-builder-row-6 fusion-flex-container hundred-percent-fullwidth non-hundred-percent-height-scrolling\" style=\"--awb-border-radius-top-left:0px;--awb-border-radius-top-right:0px;--awb-border-radius-bottom-right:0px;--awb-border-radius-bottom-left:0px;--awb-padding-right:0px;--awb-padding-left:0px;--awb-margin-top:80px;\" ><div class=\"fusion-builder-row fusion-row fusion-flex-align-items-center fusion-flex-justify-content-center\" style=\"width:104% !important;max-width:104% !important;margin-left: calc(-4% \/ 2 );margin-right: calc(-4% \/ 2 );\"><div class=\"fusion-layout-column fusion_builder_column fusion-builder-column-5 fusion_builder_column_1_2 1_2 fusion-flex-column fusion-flex-align-self-center\" style=\"--awb-padding-right:0px;--awb-padding-left:0px;--awb-bg-size:cover;--awb-width-large:50%;--awb-margin-top-large:0px;--awb-spacing-right-large:0;--awb-margin-bottom-large:20px;--awb-spacing-left-large:0;--awb-width-medium:50%;--awb-order-medium:0;--awb-spacing-right-medium:0;--awb-spacing-left-medium:0;--awb-width-small:70%;--awb-order-small:0;--awb-spacing-right-small:0;--awb-spacing-left-small:0;\"><div class=\"fusion-column-wrapper fusion-column-has-shadow fusion-flex-justify-content-center fusion-content-layout-column\"><div class=\"fusion-text fusion-text-4\" style=\"--awb-content-alignment:center;\"><h3 style=\"text-align: center;\">Tauromaquia Oloroso Viej\u00edsimo<\/h3>\n<p style=\"text-align: center;\">Une \u00e9nergie pure qui vient avec des essences de fruits secs, de bois nobles, de puissance. Un vin \u00e0 la fois d\u00e9bordant et contenu. Une passion qui vous enveloppe de saveur et vous laisse un souvenir inoubliable.<\/p>\n<\/div><div class=\"fusion-separator fusion-full-width-sep\" style=\"align-self: center;margin-left: auto;margin-right: auto;margin-top:30px;width:100%;\"><\/div><div class=\"fusion-image-element \" style=\"text-align:center;--awb-caption-title-size:var(--h2_typography-font-size);--awb-caption-title-transform:var(--h2_typography-text-transform);--awb-caption-title-line-height:var(--h2_typography-line-height);--awb-caption-title-letter-spacing:var(--h2_typography-letter-spacing);\"><span class=\" fusion-imageframe imageframe-none imageframe-4 hover-type-none\"><img decoding=\"async\" width=\"1800\" height=\"1195\" title=\"TAUROMAQUIA Oloroso Viej\u00edsimo (botella 50 cl)\" src=\"http:\/\/bodegasgracia.com\/wp-content\/uploads\/2021\/07\/TAUROMAQUIA-Oloroso-Viejisimo-botella-50-cl-e1627404425306.png\" alt class=\"img-responsive wp-image-685\"\/><\/span><\/div><div class=\"fusion-separator fusion-full-width-sep\" style=\"align-self: center;margin-left: auto;margin-right: auto;margin-top:50px;width:100%;\"><\/div><div style=\"text-align:center;\"><a class=\"fusion-button button-flat fusion-button-default-size button-default fusion-button-default button-2 fusion-button-default-span fusion-button-default-type\" target=\"_blank\" rel=\"noopener noreferrer\" href=\"http:\/\/bodegasgracia.com\/wp-content\/uploads\/2021\/12\/FR-Fiche-Tecnique-Tauromaquia-Oloroso.pdf\"><span class=\"fusion-button-text\">VOIR FICHE TECHNIQUE<\/span><\/a><\/div><\/div><\/div><\/div><\/div><div class=\"fusion-fullwidth fullwidth-box fusion-builder-row-7 fusion-flex-container hundred-percent-fullwidth non-hundred-percent-height-scrolling\" style=\"--awb-border-radius-top-left:0px;--awb-border-radius-top-right:0px;--awb-border-radius-bottom-right:0px;--awb-border-radius-bottom-left:0px;--awb-padding-right:0px;--awb-padding-left:0px;--awb-margin-top:80px;\" ><div class=\"fusion-builder-row fusion-row fusion-flex-align-items-center fusion-flex-justify-content-center\" style=\"width:104% !important;max-width:104% !important;margin-left: calc(-4% \/ 2 );margin-right: calc(-4% \/ 2 );\"><div class=\"fusion-layout-column fusion_builder_column fusion-builder-column-6 fusion_builder_column_1_2 1_2 fusion-flex-column fusion-flex-align-self-center\" style=\"--awb-padding-right:0px;--awb-padding-left:0px;--awb-bg-size:cover;--awb-width-large:50%;--awb-margin-top-large:0px;--awb-spacing-right-large:0;--awb-margin-bottom-large:20px;--awb-spacing-left-large:0;--awb-width-medium:50%;--awb-order-medium:0;--awb-spacing-right-medium:0;--awb-spacing-left-medium:0;--awb-width-small:70%;--awb-order-small:0;--awb-spacing-right-small:0;--awb-spacing-left-small:0;\"><div class=\"fusion-column-wrapper fusion-column-has-shadow fusion-flex-justify-content-center fusion-content-layout-column\"><div class=\"fusion-text fusion-text-5\" style=\"--awb-content-alignment:center;\"><h3 style=\"text-align: center;\">Tauromaquia Pedro Xim\u00e9nez Superior<\/h3>\n<p style=\"text-align: center;\">Le jus sombre et sensuel des raisins de pedro xim\u00e9nez, s\u00e9ch\u00e9s lentement. C&rsquo;est l&rsquo;explosion d&rsquo;une douceur pure et naturelle, qui a la vertu de pr\u00e9server le souvenir de l&rsquo;origine fra\u00eeche et vibrante du fruit.<\/p>\n<\/div><div class=\"fusion-separator fusion-full-width-sep\" style=\"align-self: center;margin-left: auto;margin-right: auto;margin-top:30px;width:100%;\"><\/div><div class=\"fusion-image-element \" style=\"text-align:center;--awb-caption-title-size:var(--h2_typography-font-size);--awb-caption-title-transform:var(--h2_typography-text-transform);--awb-caption-title-line-height:var(--h2_typography-line-height);--awb-caption-title-letter-spacing:var(--h2_typography-letter-spacing);\"><span class=\" fusion-imageframe imageframe-none imageframe-5 hover-type-none\"><img decoding=\"async\" width=\"2712\" height=\"1800\" title=\"TAUROMAQUIA Pedro Xim\u00e9nez Superior (botella 50 cl)\" src=\"http:\/\/bodegasgracia.com\/wp-content\/uploads\/2021\/07\/TAUROMAQUIA-Pedro-Ximenez-Superior-botella-50-cl-e1627404199825.png\" alt class=\"img-responsive wp-image-683\" srcset=\"https:\/\/bodegasgracia.com\/wp-content\/uploads\/2021\/07\/TAUROMAQUIA-Pedro-Ximenez-Superior-botella-50-cl-e1627404199825-200x133.png 200w, https:\/\/bodegasgracia.com\/wp-content\/uploads\/2021\/07\/TAUROMAQUIA-Pedro-Ximenez-Superior-botella-50-cl-e1627404199825-400x265.png 400w, https:\/\/bodegasgracia.com\/wp-content\/uploads\/2021\/07\/TAUROMAQUIA-Pedro-Ximenez-Superior-botella-50-cl-e1627404199825-600x398.png 600w, https:\/\/bodegasgracia.com\/wp-content\/uploads\/2021\/07\/TAUROMAQUIA-Pedro-Ximenez-Superior-botella-50-cl-e1627404199825-800x531.png 800w, https:\/\/bodegasgracia.com\/wp-content\/uploads\/2021\/07\/TAUROMAQUIA-Pedro-Ximenez-Superior-botella-50-cl-e1627404199825-1200x796.png 1200w, https:\/\/bodegasgracia.com\/wp-content\/uploads\/2021\/07\/TAUROMAQUIA-Pedro-Ximenez-Superior-botella-50-cl-e1627404199825.png 2712w\" sizes=\"(max-width: 640px) 100vw, 800px\" \/><\/span><\/div><div class=\"fusion-separator fusion-full-width-sep\" style=\"align-self: center;margin-left: auto;margin-right: auto;margin-top:50px;width:100%;\"><\/div><div style=\"text-align:center;\"><a class=\"fusion-button button-flat fusion-button-default-size button-default fusion-button-default button-3 fusion-button-default-span fusion-button-default-type\" target=\"_blank\" rel=\"noopener noreferrer\" href=\"http:\/\/bodegasgracia.com\/wp-content\/uploads\/2021\/12\/FR-Fiche-Tecnique-Taurimaquia-PX.pdf\"><span class=\"fusion-button-text\">VOIR FICHE TECHNIQUE<\/span><\/a><\/div><\/div><\/div><\/div><\/div><\/p>\n","protected":false},"excerpt":{"rendered":"","protected":false},"author":1,"featured_media":0,"parent":0,"menu_order":0,"comment_status":"closed","ping_status":"closed","template":"100-width.php","meta":{"footnotes":""},"class_list":["post-1137","page","type-page","status-publish","hentry"],"_links":{"self":[{"href":"https:\/\/bodegasgracia.com\/fr\/wp-json\/wp\/v2\/pages\/1137","targetHints":{"allow":["GET"]}}],"collection":[{"href":"https:\/\/bodegasgracia.com\/fr\/wp-json\/wp\/v2\/pages"}],"about":[{"href":"https:\/\/bodegasgracia.com\/fr\/wp-json\/wp\/v2\/types\/page"}],"author":[{"embeddable":true,"href":"https:\/\/bodegasgracia.com\/fr\/wp-json\/wp\/v2\/users\/1"}],"replies":[{"embeddable":true,"href":"https:\/\/bodegasgracia.com\/fr\/wp-json\/wp\/v2\/comments?post=1137"}],"version-history":[{"count":3,"href":"https:\/\/bodegasgracia.com\/fr\/wp-json\/wp\/v2\/pages\/1137\/revisions"}],"predecessor-version":[{"id":1140,"href":"https:\/\/bodegasgracia.com\/fr\/wp-json\/wp\/v2\/pages\/1137\/revisions\/1140"}],"wp:attachment":[{"href":"https:\/\/bodegasgracia.com\/fr\/wp-json\/wp\/v2\/media?parent=1137"}],"curies":[{"name":"wp","href":"https:\/\/api.w.org\/{rel}","templated":true}]}}