{"id":1129,"date":"2021-01-03T17:38:36","date_gmt":"2021-01-03T16:38:36","guid":{"rendered":"https:\/\/bodegasgracia.com\/montearruit\/"},"modified":"2021-12-28T13:38:49","modified_gmt":"2021-12-28T13:38:49","slug":"montearruit","status":"publish","type":"page","link":"https:\/\/bodegasgracia.com\/fr\/montearruit\/","title":{"rendered":"Montearruit"},"content":{"rendered":"<p><div class=\"fusion-fullwidth fullwidth-box fusion-builder-row-1 fusion-flex-container fusion-parallax-none nonhundred-percent-fullwidth non-hundred-percent-height-scrolling\" style=\"--awb-border-radius-top-left:0px;--awb-border-radius-top-right:0px;--awb-border-radius-bottom-right:0px;--awb-border-radius-bottom-left:0px;--awb-background-image:url(&quot;http:\/\/bodegasgracia.com\/wp-content\/uploads\/2020\/12\/montearruit-fondo-gracia-hermanos.jpg&quot;);--awb-background-size:cover;\" ><div class=\"fusion-builder-row fusion-row fusion-flex-align-items-center fusion-flex-justify-content-center\" style=\"max-width:1248px;margin-left: calc(-4% \/ 2 );margin-right: calc(-4% \/ 2 );\"><div class=\"fusion-layout-column fusion_builder_column fusion-builder-column-0 fusion-flex-column fusion-flex-align-self-center\" style=\"--awb-bg-position:center center;--awb-bg-size:cover;--awb-width-large:70%;--awb-margin-top-large:100px;--awb-spacing-right-large:2.7428571428571%;--awb-margin-bottom-large:40px;--awb-spacing-left-large:2.7428571428571%;--awb-width-medium:70%;--awb-order-medium:0;--awb-spacing-right-medium:2.7428571428571%;--awb-spacing-left-medium:2.7428571428571%;--awb-width-small:100%;--awb-order-small:0;--awb-spacing-right-small:1.92%;--awb-spacing-left-small:1.92%;\"><div class=\"fusion-column-wrapper fusion-column-has-shadow fusion-flex-justify-content-center fusion-content-layout-column\"><div class=\"fusion-image-element \" style=\"text-align:center;--awb-max-width:750px;--awb-caption-title-size:var(--h2_typography-font-size);--awb-caption-title-transform:var(--h2_typography-text-transform);--awb-caption-title-line-height:var(--h2_typography-line-height);--awb-caption-title-letter-spacing:var(--h2_typography-letter-spacing);\"><span class=\" fusion-imageframe imageframe-none imageframe-1 hover-type-none\"><img decoding=\"async\" width=\"2712\" height=\"1800\" title=\"montearruit_BodegasGracia\" src=\"http:\/\/bodegasgracia.com\/wp-content\/uploads\/2021\/12\/montearruit_BodegasGracia.png\" alt class=\"img-responsive wp-image-758\" srcset=\"https:\/\/bodegasgracia.com\/wp-content\/uploads\/2021\/12\/montearruit_BodegasGracia-200x133.png 200w, https:\/\/bodegasgracia.com\/wp-content\/uploads\/2021\/12\/montearruit_BodegasGracia-400x265.png 400w, https:\/\/bodegasgracia.com\/wp-content\/uploads\/2021\/12\/montearruit_BodegasGracia-600x398.png 600w, https:\/\/bodegasgracia.com\/wp-content\/uploads\/2021\/12\/montearruit_BodegasGracia-800x531.png 800w, https:\/\/bodegasgracia.com\/wp-content\/uploads\/2021\/12\/montearruit_BodegasGracia-1200x796.png 1200w, https:\/\/bodegasgracia.com\/wp-content\/uploads\/2021\/12\/montearruit_BodegasGracia.png 2712w\" sizes=\"(max-width: 640px) 100vw, 1200px\" \/><\/span><\/div><\/div><\/div><div class=\"fusion-layout-column fusion_builder_column fusion-builder-column-1 fusion-flex-column fusion-flex-align-self-center\" style=\"--awb-padding-top:15px;--awb-padding-right:15px;--awb-padding-bottom:15px;--awb-padding-left:15px;--awb-bg-color:#ffffff;--awb-bg-position:center center;--awb-bg-size:cover;--awb-width-large:60%;--awb-margin-top-large:20px;--awb-spacing-right-large:3.2%;--awb-margin-bottom-large:100px;--awb-spacing-left-large:3.2%;--awb-width-medium:60%;--awb-order-medium:0;--awb-spacing-right-medium:3.2%;--awb-spacing-left-medium:3.2%;--awb-width-small:100%;--awb-order-small:0;--awb-spacing-right-small:1.92%;--awb-spacing-left-small:1.92%;\"><div class=\"fusion-column-wrapper fusion-column-has-shadow fusion-flex-justify-content-center fusion-content-layout-column\"><div class=\"fusion-text fusion-text-1 etiquetaHeader\"><h1 style=\"text-align: center;\">Montearruit<\/h1>\n<div class=\"fusion-separator\" style=\"align-self: center;margin-left: auto;margin-right: auto;margin-top:-20px;margin-bottom:20px;width:100%;max-width:70%;\"><div class=\"fusion-separator-border sep-single\" style=\"--awb-height:20px;--awb-amount:20px;border-color:#2c453e;border-top-width:1px;\"><\/div><\/div>\n<p style=\"text-align: center;\">V\u00e9n\u00e9rable et tr\u00e8s vif<\/p>\n<\/div><\/div><\/div><\/div><\/div><div class=\"fusion-fullwidth fullwidth-box fusion-builder-row-2 fusion-flex-container nonhundred-percent-fullwidth non-hundred-percent-height-scrolling\" style=\"--awb-border-radius-top-left:0px;--awb-border-radius-top-right:0px;--awb-border-radius-bottom-right:0px;--awb-border-radius-bottom-left:0px;\" ><div class=\"fusion-builder-row fusion-row fusion-flex-align-items-center fusion-flex-justify-content-center\" style=\"max-width:1248px;margin-left: calc(-4% \/ 2 );margin-right: calc(-4% \/ 2 );\"><div class=\"fusion-layout-column fusion_builder_column fusion-builder-column-2 fusion-flex-column fusion-flex-align-self-center\" style=\"--awb-bg-size:cover;--awb-width-large:80%;--awb-margin-top-large:0px;--awb-spacing-right-large:2.4%;--awb-margin-bottom-large:20px;--awb-spacing-left-large:2.4%;--awb-width-medium:80%;--awb-order-medium:0;--awb-spacing-right-medium:2.4%;--awb-spacing-left-medium:2.4%;--awb-width-small:90%;--awb-order-small:0;--awb-spacing-right-small:2.1333333333333%;--awb-spacing-left-small:2.1333333333333%;\"><div class=\"fusion-column-wrapper fusion-column-has-shadow fusion-flex-justify-content-center fusion-content-layout-column\"><div class=\"fusion-separator fusion-full-width-sep\" style=\"align-self: center;margin-left: auto;margin-right: auto;margin-top:50px;width:100%;\"><\/div><div class=\"fusion-text fusion-text-2\" style=\"--awb-content-alignment:center;\"><h2 style=\"text-align: center;\">Montearruit est un Amontillado avec 75 ans de vieillissement, la plupart du temps en statique, ce qui a concentr\u00e9 tous ses composants. Tr\u00e8s intense et, en m\u00eame temps, \u00e9quilibr\u00e9.<\/h2>\n<\/div><\/div><\/div><\/div><\/div><div class=\"fusion-fullwidth fullwidth-box fusion-builder-row-3 fusion-flex-container hundred-percent-fullwidth non-hundred-percent-height-scrolling\" style=\"--awb-border-radius-top-left:0px;--awb-border-radius-top-right:0px;--awb-border-radius-bottom-right:0px;--awb-border-radius-bottom-left:0px;--awb-padding-right:0px;--awb-padding-left:0px;\" ><div class=\"fusion-builder-row fusion-row fusion-flex-align-items-center fusion-flex-justify-content-center\" style=\"width:104% !important;max-width:104% !important;margin-left: calc(-4% \/ 2 );margin-right: calc(-4% \/ 2 );\"><div class=\"fusion-layout-column fusion_builder_column fusion-builder-column-3 fusion_builder_column_1_1 1_1 fusion-flex-column fusion-flex-align-self-center\" style=\"--awb-padding-right:0px;--awb-padding-left:0px;--awb-bg-size:cover;--awb-width-large:100%;--awb-margin-top-large:0px;--awb-spacing-right-large:0;--awb-margin-bottom-large:20px;--awb-spacing-left-large:0;--awb-width-medium:100%;--awb-order-medium:0;--awb-spacing-right-medium:0;--awb-spacing-left-medium:0;--awb-width-small:100%;--awb-order-small:0;--awb-spacing-right-small:1.92%;--awb-spacing-left-small:1.92%;\"><div class=\"fusion-column-wrapper fusion-column-has-shadow fusion-flex-justify-content-center fusion-content-layout-column\"><div class=\"fusion-image-element \" style=\"text-align:center;--awb-caption-title-size:var(--h2_typography-font-size);--awb-caption-title-transform:var(--h2_typography-text-transform);--awb-caption-title-line-height:var(--h2_typography-line-height);--awb-caption-title-letter-spacing:var(--h2_typography-letter-spacing);\"><span class=\" fusion-imageframe imageframe-none imageframe-2 hover-type-none\"><img decoding=\"async\" width=\"1920\" height=\"1050\" title=\"montearruit-foto-gracia-hermanos\" src=\"http:\/\/bodegasgracia.com\/wp-content\/uploads\/2020\/12\/montearruit-foto-gracia-hermanos.jpg\" alt class=\"img-responsive wp-image-41\" srcset=\"https:\/\/bodegasgracia.com\/wp-content\/uploads\/2020\/12\/montearruit-foto-gracia-hermanos-200x109.jpg 200w, https:\/\/bodegasgracia.com\/wp-content\/uploads\/2020\/12\/montearruit-foto-gracia-hermanos-400x219.jpg 400w, https:\/\/bodegasgracia.com\/wp-content\/uploads\/2020\/12\/montearruit-foto-gracia-hermanos-600x328.jpg 600w, https:\/\/bodegasgracia.com\/wp-content\/uploads\/2020\/12\/montearruit-foto-gracia-hermanos-800x438.jpg 800w, https:\/\/bodegasgracia.com\/wp-content\/uploads\/2020\/12\/montearruit-foto-gracia-hermanos-1200x656.jpg 1200w, https:\/\/bodegasgracia.com\/wp-content\/uploads\/2020\/12\/montearruit-foto-gracia-hermanos.jpg 1920w\" sizes=\"(max-width: 640px) 100vw, 1920px\" \/><\/span><\/div><\/div><\/div><div class=\"fusion-layout-column fusion_builder_column fusion-builder-column-4 fusion-flex-column fusion-flex-align-self-center\" style=\"--awb-padding-right:0px;--awb-padding-left:0px;--awb-bg-size:cover;--awb-width-large:80%;--awb-margin-top-large:0px;--awb-spacing-right-large:0;--awb-margin-bottom-large:20px;--awb-spacing-left-large:0;--awb-width-medium:80%;--awb-order-medium:0;--awb-spacing-right-medium:0;--awb-spacing-left-medium:0;--awb-width-small:90%;--awb-order-small:0;--awb-spacing-right-small:0;--awb-spacing-left-small:0;\"><div class=\"fusion-column-wrapper fusion-column-has-shadow fusion-flex-justify-content-center fusion-content-layout-column\"><div class=\"fusion-text fusion-text-3\" style=\"--awb-content-alignment:center;\"><p style=\"text-align: center;\">Gracia r\u00e9cup\u00e8re l&rsquo;une de ses marques historiques avec la Saca \u00danica 2021 de son Amontillado le plus ancien. La crosse qui dormait \u00e0 Gracia de Solera 1\/1 est mise en bouteille pour comm\u00e9morer, \u00e0 l&rsquo;occasion de son centenaire, l&rsquo;acte h\u00e9ro\u00efque de Monte Arruit. En 1921, le lieutenant Jos\u00e9 Gracia Ben\u00edtez lui a sauv\u00e9 la vie \u00e0 Monte Arruit, apr\u00e8s l&rsquo;h\u00e9ro\u00efque r\u00e9sistance espagnole dans cette place africaine. Son fils, en m\u00e9moire de lui, a cr\u00e9\u00e9 ce marqueur. Cent ans plus tard, une \u00e9dition limit\u00e9e et num\u00e9rot\u00e9e de 1080 bouteilles de 37,5 cl. provenant de la cuv\u00e9e 1\/1, jalousement gard\u00e9e, a \u00e9t\u00e9 r\u00e9alis\u00e9e, rempla\u00e7ant les pertes produites par de vieux vins s\u00e9lectionn\u00e9s par le contrema\u00eetre de la cave.<\/p>\n<h3 style=\"text-align: center;\"><em>\u00ab\u00a0MONTEARRUIT Amontillado Viej\u00edsimo est un joyau de l&rsquo;\u0153nologie de Montilla, une concentration pure d&rsquo;ar\u00f4mes et de saveurs qui \u00e9voque ses longues ann\u00e9es de vieillissement\u00a0\u00bb.<\/em><\/h3>\n<\/div><div class=\"fusion-separator fusion-full-width-sep\" style=\"align-self: center;margin-left: auto;margin-right: auto;margin-top:30px;width:100%;\"><\/div><\/div><\/div><\/div><\/div><div class=\"fusion-fullwidth fullwidth-box fusion-builder-row-4 fusion-flex-container hundred-percent-fullwidth non-hundred-percent-height-scrolling\" style=\"--awb-border-radius-top-left:0px;--awb-border-radius-top-right:0px;--awb-border-radius-bottom-right:0px;--awb-border-radius-bottom-left:0px;--awb-padding-right:0px;--awb-padding-left:0px;\" ><div class=\"fusion-builder-row fusion-row fusion-flex-align-items-center fusion-flex-justify-content-center\" style=\"width:104% !important;max-width:104% !important;margin-left: calc(-4% \/ 2 );margin-right: calc(-4% \/ 2 );\"><div class=\"fusion-layout-column fusion_builder_column fusion-builder-column-5 fusion_builder_column_1_2 1_2 fusion-flex-column fusion-flex-align-self-center\" style=\"--awb-padding-right:0px;--awb-padding-left:0px;--awb-bg-size:cover;--awb-width-large:50%;--awb-margin-top-large:0px;--awb-spacing-right-large:0;--awb-margin-bottom-large:20px;--awb-spacing-left-large:0;--awb-width-medium:50%;--awb-order-medium:0;--awb-spacing-right-medium:0;--awb-spacing-left-medium:0;--awb-width-small:70%;--awb-order-small:0;--awb-spacing-right-small:0;--awb-spacing-left-small:0;\"><div class=\"fusion-column-wrapper fusion-column-has-shadow fusion-flex-justify-content-center fusion-content-layout-column\"><div class=\"fusion-image-element \" style=\"text-align:center;--awb-caption-title-size:var(--h2_typography-font-size);--awb-caption-title-transform:var(--h2_typography-text-transform);--awb-caption-title-line-height:var(--h2_typography-line-height);--awb-caption-title-letter-spacing:var(--h2_typography-letter-spacing);\"><span class=\" fusion-imageframe imageframe-none imageframe-3 hover-type-none\"><img decoding=\"async\" width=\"2712\" height=\"1800\" title=\"montearruit_BodegasGracia\" src=\"http:\/\/bodegasgracia.com\/wp-content\/uploads\/2021\/12\/montearruit_BodegasGracia.png\" alt class=\"img-responsive wp-image-758\" srcset=\"https:\/\/bodegasgracia.com\/wp-content\/uploads\/2021\/12\/montearruit_BodegasGracia-200x133.png 200w, https:\/\/bodegasgracia.com\/wp-content\/uploads\/2021\/12\/montearruit_BodegasGracia-400x265.png 400w, https:\/\/bodegasgracia.com\/wp-content\/uploads\/2021\/12\/montearruit_BodegasGracia-600x398.png 600w, https:\/\/bodegasgracia.com\/wp-content\/uploads\/2021\/12\/montearruit_BodegasGracia-800x531.png 800w, https:\/\/bodegasgracia.com\/wp-content\/uploads\/2021\/12\/montearruit_BodegasGracia-1200x796.png 1200w, https:\/\/bodegasgracia.com\/wp-content\/uploads\/2021\/12\/montearruit_BodegasGracia.png 2712w\" sizes=\"(max-width: 640px) 100vw, 800px\" \/><\/span><\/div><div class=\"fusion-separator fusion-full-width-sep\" style=\"align-self: center;margin-left: auto;margin-right: auto;margin-top:50px;width:100%;\"><\/div><div style=\"text-align:center;\"><a class=\"fusion-button button-flat fusion-button-default-size button-default fusion-button-default button-1 fusion-button-default-span fusion-button-default-type\" target=\"_blank\" rel=\"noopener noreferrer\" href=\"http:\/\/bodegasgracia.com\/wp-content\/uploads\/2021\/12\/FR-Fiche-Tecnique-Montearruit-Amontillado-Viejisimo.pdf\"><span class=\"fusion-button-text\">VOIR FICHE TECHNIQUE<\/span><\/a><\/div><\/div><\/div><\/div><\/div><\/p>\n","protected":false},"excerpt":{"rendered":"","protected":false},"author":1,"featured_media":0,"parent":0,"menu_order":0,"comment_status":"closed","ping_status":"closed","template":"100-width.php","meta":{"footnotes":""},"class_list":["post-1129","page","type-page","status-publish","hentry"],"_links":{"self":[{"href":"https:\/\/bodegasgracia.com\/fr\/wp-json\/wp\/v2\/pages\/1129","targetHints":{"allow":["GET"]}}],"collection":[{"href":"https:\/\/bodegasgracia.com\/fr\/wp-json\/wp\/v2\/pages"}],"about":[{"href":"https:\/\/bodegasgracia.com\/fr\/wp-json\/wp\/v2\/types\/page"}],"author":[{"embeddable":true,"href":"https:\/\/bodegasgracia.com\/fr\/wp-json\/wp\/v2\/users\/1"}],"replies":[{"embeddable":true,"href":"https:\/\/bodegasgracia.com\/fr\/wp-json\/wp\/v2\/comments?post=1129"}],"version-history":[{"count":5,"href":"https:\/\/bodegasgracia.com\/fr\/wp-json\/wp\/v2\/pages\/1129\/revisions"}],"predecessor-version":[{"id":1166,"href":"https:\/\/bodegasgracia.com\/fr\/wp-json\/wp\/v2\/pages\/1129\/revisions\/1166"}],"wp:attachment":[{"href":"https:\/\/bodegasgracia.com\/fr\/wp-json\/wp\/v2\/media?parent=1129"}],"curies":[{"name":"wp","href":"https:\/\/api.w.org\/{rel}","templated":true}]}}