{"id":1105,"date":"2020-12-30T19:55:12","date_gmt":"2020-12-30T19:55:12","guid":{"rendered":"https:\/\/bodegasgracia.com\/corredera\/"},"modified":"2021-12-20T10:52:39","modified_gmt":"2021-12-20T10:52:39","slug":"corredera","status":"publish","type":"page","link":"https:\/\/bodegasgracia.com\/fr\/corredera\/","title":{"rendered":"Corredera"},"content":{"rendered":"<p><div class=\"fusion-fullwidth fullwidth-box fusion-builder-row-1 fusion-flex-container fusion-parallax-none nonhundred-percent-fullwidth non-hundred-percent-height-scrolling\" style=\"--awb-border-radius-top-left:0px;--awb-border-radius-top-right:0px;--awb-border-radius-bottom-right:0px;--awb-border-radius-bottom-left:0px;--awb-background-image:url(&quot;http:\/\/bodegasgracia.com\/wp-content\/uploads\/2020\/12\/corredera-fondo-gracia-hermanos.jpg&quot;);--awb-background-size:cover;\" ><div class=\"fusion-builder-row fusion-row fusion-flex-align-items-center fusion-flex-justify-content-center\" style=\"max-width:1248px;margin-left: calc(-4% \/ 2 );margin-right: calc(-4% \/ 2 );\"><div class=\"fusion-layout-column fusion_builder_column fusion-builder-column-0 fusion-flex-column fusion-flex-align-self-center\" style=\"--awb-bg-position:center center;--awb-bg-size:cover;--awb-width-large:70%;--awb-margin-top-large:100px;--awb-spacing-right-large:2.7428571428571%;--awb-margin-bottom-large:40px;--awb-spacing-left-large:2.7428571428571%;--awb-width-medium:70%;--awb-order-medium:0;--awb-spacing-right-medium:2.7428571428571%;--awb-spacing-left-medium:2.7428571428571%;--awb-width-small:100%;--awb-order-small:0;--awb-spacing-right-small:1.92%;--awb-spacing-left-small:1.92%;\"><div class=\"fusion-column-wrapper fusion-column-has-shadow fusion-flex-justify-content-center fusion-content-layout-column\"><div class=\"fusion-image-element \" style=\"text-align:center;--awb-max-width:750px;--awb-caption-title-size:var(--h2_typography-font-size);--awb-caption-title-transform:var(--h2_typography-text-transform);--awb-caption-title-line-height:var(--h2_typography-line-height);--awb-caption-title-letter-spacing:var(--h2_typography-letter-spacing);\"><span class=\" fusion-imageframe imageframe-none imageframe-1 hover-type-none\"><img decoding=\"async\" width=\"1800\" height=\"500\" title=\"corredera-botella-gracia-hermanos\" src=\"http:\/\/bodegasgracia.com\/wp-content\/uploads\/2020\/12\/corredera-botella-gracia-hermanos.png\" alt class=\"img-responsive wp-image-13\" srcset=\"https:\/\/bodegasgracia.com\/wp-content\/uploads\/2020\/12\/corredera-botella-gracia-hermanos-200x56.png 200w, https:\/\/bodegasgracia.com\/wp-content\/uploads\/2020\/12\/corredera-botella-gracia-hermanos-400x111.png 400w, https:\/\/bodegasgracia.com\/wp-content\/uploads\/2020\/12\/corredera-botella-gracia-hermanos-600x167.png 600w, https:\/\/bodegasgracia.com\/wp-content\/uploads\/2020\/12\/corredera-botella-gracia-hermanos-800x222.png 800w, https:\/\/bodegasgracia.com\/wp-content\/uploads\/2020\/12\/corredera-botella-gracia-hermanos-1200x333.png 1200w, https:\/\/bodegasgracia.com\/wp-content\/uploads\/2020\/12\/corredera-botella-gracia-hermanos.png 1800w\" sizes=\"(max-width: 640px) 100vw, 1200px\" \/><\/span><\/div><\/div><\/div><div class=\"fusion-layout-column fusion_builder_column fusion-builder-column-1 fusion-flex-column fusion-flex-align-self-center\" style=\"--awb-padding-top:15px;--awb-padding-right:15px;--awb-padding-bottom:15px;--awb-padding-left:15px;--awb-bg-color:#ffffff;--awb-bg-position:center center;--awb-bg-size:cover;--awb-width-large:60%;--awb-margin-top-large:20px;--awb-spacing-right-large:3.2%;--awb-margin-bottom-large:100px;--awb-spacing-left-large:3.2%;--awb-width-medium:60%;--awb-order-medium:0;--awb-spacing-right-medium:3.2%;--awb-spacing-left-medium:3.2%;--awb-width-small:100%;--awb-order-small:0;--awb-spacing-right-small:1.92%;--awb-spacing-left-small:1.92%;\"><div class=\"fusion-column-wrapper fusion-column-has-shadow fusion-flex-justify-content-center fusion-content-layout-column\"><div class=\"fusion-text fusion-text-1 etiquetaHeader\"><h1 style=\"text-align: center;\">Corredera<\/h1>\n<div class=\"fusion-separator\" style=\"align-self: center;margin-left: auto;margin-right: auto;margin-top:-20px;margin-bottom:20px;width:100%;max-width:70%;\"><div class=\"fusion-separator-border sep-single\" style=\"--awb-height:20px;--awb-amount:20px;border-color:#2c453e;border-top-width:1px;\"><\/div><\/div>\n<p style=\"text-align: center;\">Ouvert \u00e0 tout<\/p>\n<\/div><\/div><\/div><\/div><\/div><div class=\"fusion-fullwidth fullwidth-box fusion-builder-row-2 fusion-flex-container nonhundred-percent-fullwidth non-hundred-percent-height-scrolling\" style=\"--awb-border-radius-top-left:0px;--awb-border-radius-top-right:0px;--awb-border-radius-bottom-right:0px;--awb-border-radius-bottom-left:0px;\" ><div class=\"fusion-builder-row fusion-row fusion-flex-align-items-center fusion-flex-justify-content-center\" style=\"max-width:1248px;margin-left: calc(-4% \/ 2 );margin-right: calc(-4% \/ 2 );\"><div class=\"fusion-layout-column fusion_builder_column fusion-builder-column-2 fusion-flex-column fusion-flex-align-self-center\" style=\"--awb-bg-size:cover;--awb-width-large:80%;--awb-margin-top-large:0px;--awb-spacing-right-large:2.4%;--awb-margin-bottom-large:20px;--awb-spacing-left-large:2.4%;--awb-width-medium:80%;--awb-order-medium:0;--awb-spacing-right-medium:2.4%;--awb-spacing-left-medium:2.4%;--awb-width-small:90%;--awb-order-small:0;--awb-spacing-right-small:2.1333333333333%;--awb-spacing-left-small:2.1333333333333%;\"><div class=\"fusion-column-wrapper fusion-column-has-shadow fusion-flex-justify-content-center fusion-content-layout-column\"><div class=\"fusion-separator fusion-full-width-sep\" style=\"align-self: center;margin-left: auto;margin-right: auto;margin-top:50px;width:100%;\"><\/div><div class=\"fusion-text fusion-text-2\" style=\"--awb-content-alignment:center;\"><h2 style=\"text-align: center;\">Corredera repr\u00e9sente une somme particuli\u00e8re de tradition et de nouveaux horizons pour notre marque la plus populaire et la plus polyvalente.<\/h2>\n<\/div><\/div><\/div><\/div><\/div><div class=\"fusion-fullwidth fullwidth-box fusion-builder-row-3 fusion-flex-container hundred-percent-fullwidth non-hundred-percent-height-scrolling\" style=\"--awb-border-radius-top-left:0px;--awb-border-radius-top-right:0px;--awb-border-radius-bottom-right:0px;--awb-border-radius-bottom-left:0px;--awb-padding-right:0px;--awb-padding-left:0px;\" ><div class=\"fusion-builder-row fusion-row fusion-flex-align-items-center fusion-flex-justify-content-center\" style=\"width:104% !important;max-width:104% !important;margin-left: calc(-4% \/ 2 );margin-right: calc(-4% \/ 2 );\"><div class=\"fusion-layout-column fusion_builder_column fusion-builder-column-3 fusion_builder_column_1_1 1_1 fusion-flex-column fusion-flex-align-self-center\" style=\"--awb-padding-right:0px;--awb-padding-left:0px;--awb-bg-size:cover;--awb-width-large:100%;--awb-margin-top-large:0px;--awb-spacing-right-large:0;--awb-margin-bottom-large:20px;--awb-spacing-left-large:0;--awb-width-medium:100%;--awb-order-medium:0;--awb-spacing-right-medium:0;--awb-spacing-left-medium:0;--awb-width-small:100%;--awb-order-small:0;--awb-spacing-right-small:1.92%;--awb-spacing-left-small:1.92%;\"><div class=\"fusion-column-wrapper fusion-column-has-shadow fusion-flex-justify-content-center fusion-content-layout-column\"><div class=\"fusion-image-element \" style=\"text-align:center;--awb-caption-title-size:var(--h2_typography-font-size);--awb-caption-title-transform:var(--h2_typography-text-transform);--awb-caption-title-line-height:var(--h2_typography-line-height);--awb-caption-title-letter-spacing:var(--h2_typography-letter-spacing);\"><span class=\" fusion-imageframe imageframe-none imageframe-2 hover-type-none\"><img decoding=\"async\" width=\"1920\" height=\"1050\" title=\"corredera-foto-gracia-hermanos\" src=\"http:\/\/bodegasgracia.com\/wp-content\/uploads\/2020\/12\/corredera-foto-gracia-hermanos.jpg\" alt class=\"img-responsive wp-image-16\" srcset=\"https:\/\/bodegasgracia.com\/wp-content\/uploads\/2020\/12\/corredera-foto-gracia-hermanos-200x109.jpg 200w, https:\/\/bodegasgracia.com\/wp-content\/uploads\/2020\/12\/corredera-foto-gracia-hermanos-400x219.jpg 400w, https:\/\/bodegasgracia.com\/wp-content\/uploads\/2020\/12\/corredera-foto-gracia-hermanos-600x328.jpg 600w, https:\/\/bodegasgracia.com\/wp-content\/uploads\/2020\/12\/corredera-foto-gracia-hermanos-800x438.jpg 800w, https:\/\/bodegasgracia.com\/wp-content\/uploads\/2020\/12\/corredera-foto-gracia-hermanos-1200x656.jpg 1200w, https:\/\/bodegasgracia.com\/wp-content\/uploads\/2020\/12\/corredera-foto-gracia-hermanos.jpg 1920w\" sizes=\"(max-width: 640px) 100vw, 1920px\" \/><\/span><\/div><\/div><\/div><\/div><\/div><div class=\"fusion-fullwidth fullwidth-box fusion-builder-row-4 fusion-flex-container hundred-percent-fullwidth non-hundred-percent-height-scrolling\" style=\"--awb-border-radius-top-left:0px;--awb-border-radius-top-right:0px;--awb-border-radius-bottom-right:0px;--awb-border-radius-bottom-left:0px;--awb-padding-right:0px;--awb-padding-left:0px;\" ><div class=\"fusion-builder-row fusion-row fusion-flex-align-items-center fusion-flex-justify-content-center\" style=\"width:104% !important;max-width:104% !important;margin-left: calc(-4% \/ 2 );margin-right: calc(-4% \/ 2 );\"><div class=\"fusion-layout-column fusion_builder_column fusion-builder-column-4 fusion_builder_column_1_2 1_2 fusion-flex-column fusion-flex-align-self-center\" style=\"--awb-padding-right:0px;--awb-padding-left:0px;--awb-bg-size:cover;--awb-width-large:50%;--awb-margin-top-large:0px;--awb-spacing-right-large:0;--awb-margin-bottom-large:20px;--awb-spacing-left-large:0;--awb-width-medium:50%;--awb-order-medium:0;--awb-spacing-right-medium:0;--awb-spacing-left-medium:0;--awb-width-small:70%;--awb-order-small:0;--awb-spacing-right-small:0;--awb-spacing-left-small:0;\"><div class=\"fusion-column-wrapper fusion-column-has-shadow fusion-flex-justify-content-center fusion-content-layout-column\"><div class=\"fusion-text fusion-text-3\" style=\"--awb-content-alignment:center;\"><h3 style=\"text-align: center;\">Fino Corredera<\/h3>\n<p style=\"text-align: center;\">Pour tous les temps, toutes les cuisines et tous les palais. Ce n&rsquo;est pas pour rien qu&rsquo;il s&rsquo;agit du fino le plus vendu en Espagne. Son harmonie particuli\u00e8re, r\u00e9sultat du raisin, du sol et du vieillissement sous un voile de flor, fait de Corredera un fino incontournable.<\/p>\n<\/div><div class=\"fusion-separator fusion-full-width-sep\" style=\"align-self: center;margin-left: auto;margin-right: auto;margin-top:30px;width:100%;\"><\/div><div class=\"fusion-image-element \" style=\"text-align:center;--awb-caption-title-size:var(--h2_typography-font-size);--awb-caption-title-transform:var(--h2_typography-text-transform);--awb-caption-title-line-height:var(--h2_typography-line-height);--awb-caption-title-letter-spacing:var(--h2_typography-letter-spacing);\"><span class=\" fusion-imageframe imageframe-none imageframe-3 hover-type-none\"><img decoding=\"async\" width=\"1800\" height=\"500\" title=\"corredera-botella-gracia-hermanos\" src=\"http:\/\/bodegasgracia.com\/wp-content\/uploads\/2020\/12\/corredera-botella-gracia-hermanos.png\" alt class=\"img-responsive wp-image-13\" srcset=\"https:\/\/bodegasgracia.com\/wp-content\/uploads\/2020\/12\/corredera-botella-gracia-hermanos-200x56.png 200w, https:\/\/bodegasgracia.com\/wp-content\/uploads\/2020\/12\/corredera-botella-gracia-hermanos-400x111.png 400w, https:\/\/bodegasgracia.com\/wp-content\/uploads\/2020\/12\/corredera-botella-gracia-hermanos-600x167.png 600w, https:\/\/bodegasgracia.com\/wp-content\/uploads\/2020\/12\/corredera-botella-gracia-hermanos-800x222.png 800w, https:\/\/bodegasgracia.com\/wp-content\/uploads\/2020\/12\/corredera-botella-gracia-hermanos-1200x333.png 1200w, https:\/\/bodegasgracia.com\/wp-content\/uploads\/2020\/12\/corredera-botella-gracia-hermanos.png 1800w\" sizes=\"(max-width: 640px) 100vw, 800px\" \/><\/span><\/div><div class=\"fusion-separator fusion-full-width-sep\" style=\"align-self: center;margin-left: auto;margin-right: auto;margin-top:50px;width:100%;\"><\/div><div style=\"text-align:center;\"><a class=\"fusion-button button-flat fusion-button-default-size button-default fusion-button-default button-1 fusion-button-default-span fusion-button-default-type\" target=\"_blank\" rel=\"noopener noreferrer\" href=\"http:\/\/bodegasgracia.com\/wp-content\/uploads\/2021\/12\/FR-Fiche-Tecnique-Corredera.pdf\"><span class=\"fusion-button-text\">VOIR FICHE TECHNIQUE<\/span><\/a><\/div><\/div><\/div><\/div><\/div><div class=\"fusion-fullwidth fullwidth-box fusion-builder-row-5 fusion-flex-container hundred-percent-fullwidth non-hundred-percent-height-scrolling\" style=\"--awb-border-radius-top-left:0px;--awb-border-radius-top-right:0px;--awb-border-radius-bottom-right:0px;--awb-border-radius-bottom-left:0px;--awb-padding-right:0px;--awb-padding-left:0px;--awb-margin-top:80px;\" ><div class=\"fusion-builder-row fusion-row fusion-flex-align-items-center fusion-flex-justify-content-center\" style=\"width:104% !important;max-width:104% !important;margin-left: calc(-4% \/ 2 );margin-right: calc(-4% \/ 2 );\"><div class=\"fusion-layout-column fusion_builder_column fusion-builder-column-5 fusion_builder_column_1_2 1_2 fusion-flex-column fusion-flex-align-self-center\" style=\"--awb-padding-right:0px;--awb-padding-left:0px;--awb-bg-size:cover;--awb-width-large:50%;--awb-margin-top-large:0px;--awb-spacing-right-large:0;--awb-margin-bottom-large:20px;--awb-spacing-left-large:0;--awb-width-medium:50%;--awb-order-medium:0;--awb-spacing-right-medium:0;--awb-spacing-left-medium:0;--awb-width-small:70%;--awb-order-small:0;--awb-spacing-right-small:0;--awb-spacing-left-small:0;\"><div class=\"fusion-column-wrapper fusion-column-has-shadow fusion-flex-justify-content-center fusion-content-layout-column\"><div class=\"fusion-text fusion-text-4\" style=\"--awb-content-alignment:center;\"><h3 style=\"text-align: center;\">Tinto Corredera<\/h3>\n<p style=\"text-align: center;\">Frais, juteux et doux, Tinto Corredera exprime les grandes aptitudes du raisin Tempranillo de la campagne de Cordoue. Une excellente option avec les viandes froides, les plats de riz, les p\u00e2tes et les fromages \u00e0 p\u00e2te molle.<\/p>\n<\/div><div class=\"fusion-separator fusion-full-width-sep\" style=\"align-self: center;margin-left: auto;margin-right: auto;margin-top:30px;width:100%;\"><\/div><div class=\"fusion-image-element \" style=\"text-align:center;--awb-caption-title-size:var(--h2_typography-font-size);--awb-caption-title-transform:var(--h2_typography-text-transform);--awb-caption-title-line-height:var(--h2_typography-line-height);--awb-caption-title-letter-spacing:var(--h2_typography-letter-spacing);\"><span class=\" fusion-imageframe imageframe-none imageframe-4 hover-type-none\"><img decoding=\"async\" width=\"1800\" height=\"500\" title=\"corredera-botella-negra-gracia-hermanos\" src=\"http:\/\/bodegasgracia.com\/wp-content\/uploads\/2020\/12\/corredera-botella-negra-gracia-hermanos.png\" alt class=\"img-responsive wp-image-14\" srcset=\"https:\/\/bodegasgracia.com\/wp-content\/uploads\/2020\/12\/corredera-botella-negra-gracia-hermanos-200x56.png 200w, https:\/\/bodegasgracia.com\/wp-content\/uploads\/2020\/12\/corredera-botella-negra-gracia-hermanos-400x111.png 400w, https:\/\/bodegasgracia.com\/wp-content\/uploads\/2020\/12\/corredera-botella-negra-gracia-hermanos-600x167.png 600w, https:\/\/bodegasgracia.com\/wp-content\/uploads\/2020\/12\/corredera-botella-negra-gracia-hermanos-800x222.png 800w, https:\/\/bodegasgracia.com\/wp-content\/uploads\/2020\/12\/corredera-botella-negra-gracia-hermanos-1200x333.png 1200w, https:\/\/bodegasgracia.com\/wp-content\/uploads\/2020\/12\/corredera-botella-negra-gracia-hermanos.png 1800w\" sizes=\"(max-width: 640px) 100vw, 800px\" \/><\/span><\/div><div class=\"fusion-separator fusion-full-width-sep\" style=\"align-self: center;margin-left: auto;margin-right: auto;margin-top:50px;width:100%;\"><\/div><div style=\"text-align:center;\"><a class=\"fusion-button button-flat fusion-button-default-size button-default fusion-button-default button-2 fusion-button-default-span fusion-button-default-type\" target=\"_blank\" rel=\"noopener noreferrer\" href=\"#\"><span class=\"fusion-button-text\">VOIR FICHE TECHNIQUE<\/span><\/a><\/div><\/div><\/div><\/div><\/div><\/p>\n","protected":false},"excerpt":{"rendered":"","protected":false},"author":1,"featured_media":0,"parent":0,"menu_order":0,"comment_status":"closed","ping_status":"closed","template":"100-width.php","meta":{"footnotes":""},"class_list":["post-1105","page","type-page","status-publish","hentry"],"_links":{"self":[{"href":"https:\/\/bodegasgracia.com\/fr\/wp-json\/wp\/v2\/pages\/1105","targetHints":{"allow":["GET"]}}],"collection":[{"href":"https:\/\/bodegasgracia.com\/fr\/wp-json\/wp\/v2\/pages"}],"about":[{"href":"https:\/\/bodegasgracia.com\/fr\/wp-json\/wp\/v2\/types\/page"}],"author":[{"embeddable":true,"href":"https:\/\/bodegasgracia.com\/fr\/wp-json\/wp\/v2\/users\/1"}],"replies":[{"embeddable":true,"href":"https:\/\/bodegasgracia.com\/fr\/wp-json\/wp\/v2\/comments?post=1105"}],"version-history":[{"count":3,"href":"https:\/\/bodegasgracia.com\/fr\/wp-json\/wp\/v2\/pages\/1105\/revisions"}],"predecessor-version":[{"id":1108,"href":"https:\/\/bodegasgracia.com\/fr\/wp-json\/wp\/v2\/pages\/1105\/revisions\/1108"}],"wp:attachment":[{"href":"https:\/\/bodegasgracia.com\/fr\/wp-json\/wp\/v2\/media?parent=1105"}],"curies":[{"name":"wp","href":"https:\/\/api.w.org\/{rel}","templated":true}]}}